{"id":36452,"date":"2024-05-16T09:01:45","date_gmt":"2024-05-16T09:01:45","guid":{"rendered":"https:\/\/theme-dev.cmsmasters.net\/dentalist\/?page_id=27"},"modified":"2026-03-24T09:39:54","modified_gmt":"2026-03-24T09:39:54","slug":"contacts","status":"publish","type":"page","link":"https:\/\/bugadent.md\/en\/contacts\/","title":{"rendered":"Contacts"},"content":{"rendered":"<div data-elementor-type=\"wp-page\" data-elementor-id=\"36452\" class=\"elementor elementor-36452\">\n\t\t\t\t<div class=\"elementor-element elementor-element-1e9d3be e-flex e-con-boxed cmsmasters-bg-hide-none cmsmasters-bg-hide-none cmsmasters-block-default e-con e-parent\" data-id=\"1e9d3be\" data-element_type=\"container\" data-e-type=\"container\" data-settings=\"{&quot;background_background&quot;:&quot;classic&quot;}\">\n\t\t\t\t\t<div class=\"e-con-inner\">\n\t\t<div class=\"elementor-element elementor-element-9513723 e-con-full e-flex cmsmasters-block-default e-con e-child\" data-id=\"9513723\" data-element_type=\"container\" data-e-type=\"container\">\n\t\t\t\t<div class=\"elementor-element elementor-element-bbf615d cmsmasters-block-default cmsmasters-sticky-default elementor-widget elementor-widget-heading\" data-id=\"bbf615d\" data-element_type=\"widget\" data-e-type=\"widget\" data-widget_type=\"heading.default\">\n\t\t\t\t\t<h6 class=\"elementor-heading-title elementor-size-default\">Contacts<\/h6>\t\t\t\t<\/div>\n\t\t\t\t<div class=\"elementor-element elementor-element-0074a0e cmsmasters-block-default cmsmasters-sticky-default elementor-widget elementor-widget-heading\" data-id=\"0074a0e\" data-element_type=\"widget\" data-e-type=\"widget\" data-widget_type=\"heading.default\">\n\t\t\t\t\t<h2 class=\"elementor-heading-title elementor-size-default\">Make an appointment at Bugadent Clinic - Truseni, Chisinau<\/h2>\t\t\t\t<\/div>\n\t\t<div class=\"elementor-element elementor-element-6a054ca e-flex e-con-boxed cmsmasters-block-default e-con e-child\" data-id=\"6a054ca\" data-element_type=\"container\" data-e-type=\"container\">\n\t\t\t\t\t<div class=\"e-con-inner\">\n\t\t\t\t<div class=\"elementor-element elementor-element-09efb36 cmsmasters-block-default cmsmasters-sticky-default elementor-widget elementor-widget-shortcode\" data-id=\"09efb36\" data-element_type=\"widget\" data-e-type=\"widget\" data-widget_type=\"shortcode.default\">\n\t\t\t\t\t\t\t<div class=\"elementor-shortcode\"><div class=\"nta_wa_button\" data-id=\"36528\" data-info=\"{&quot;name&quot;:&quot;BugaDent&quot;,&quot;info&quot;:{&quot;number&quot;:&quot;+37379557132&quot;,&quot;title&quot;:&quot;BugaDent&quot;,&quot;predefinedText&quot;:&quot;Clinica Stomatologic\\u0103 Bugadent \\u2013 \\u00cengrijire Dentar\\u0103 Modern\\u0103 pentru un Z\\u00e2mbet S\\u0103n\\u0103tos \\u0219i \\u00cencrez\\u0103tor&quot;,&quot;willBeBackText&quot;:&quot;I will be back in [njwa_time_work]&quot;,&quot;dayOffsText&quot;:&quot;I will be back soon&quot;,&quot;isAlwaysAvailable&quot;:&quot;ON&quot;,&quot;daysOfWeekWorking&quot;:{&quot;sunday&quot;:{&quot;isWorkingOnDay&quot;:&quot;OFF&quot;,&quot;workHours&quot;:[{&quot;startTime&quot;:&quot;08:00&quot;,&quot;endTime&quot;:&quot;17:30&quot;}]},&quot;monday&quot;:{&quot;isWorkingOnDay&quot;:&quot;OFF&quot;,&quot;workHours&quot;:[{&quot;startTime&quot;:&quot;08:00&quot;,&quot;endTime&quot;:&quot;17:30&quot;}]},&quot;tuesday&quot;:{&quot;isWorkingOnDay&quot;:&quot;OFF&quot;,&quot;workHours&quot;:[{&quot;startTime&quot;:&quot;08:00&quot;,&quot;endTime&quot;:&quot;17:30&quot;}]},&quot;wednesday&quot;:{&quot;isWorkingOnDay&quot;:&quot;OFF&quot;,&quot;workHours&quot;:[{&quot;startTime&quot;:&quot;08:00&quot;,&quot;endTime&quot;:&quot;17:30&quot;}]},&quot;thursday&quot;:{&quot;isWorkingOnDay&quot;:&quot;OFF&quot;,&quot;workHours&quot;:[{&quot;startTime&quot;:&quot;08:00&quot;,&quot;endTime&quot;:&quot;17:30&quot;}]},&quot;friday&quot;:{&quot;isWorkingOnDay&quot;:&quot;OFF&quot;,&quot;workHours&quot;:[{&quot;startTime&quot;:&quot;08:00&quot;,&quot;endTime&quot;:&quot;17:30&quot;}]},&quot;saturday&quot;:{&quot;isWorkingOnDay&quot;:&quot;OFF&quot;,&quot;workHours&quot;:[{&quot;startTime&quot;:&quot;08:00&quot;,&quot;endTime&quot;:&quot;17:30&quot;}]}}},&quot;styles&quot;:{&quot;type&quot;:&quot;round&quot;,&quot;backgroundColor&quot;:&quot;#2DB742&quot;,&quot;textColor&quot;:&quot;#fff&quot;,&quot;label&quot;:&quot;Ai nevoie de ajutor? Discut\\u0103 cu noi&quot;,&quot;width&quot;:300,&quot;height&quot;:64},&quot;avatar&quot;:false,&quot;options&quot;:{&quot;display&quot;:{&quot;displayCondition&quot;:&quot;showAllPage&quot;,&quot;includePages&quot;:[],&quot;excludePages&quot;:[],&quot;includePosts&quot;:[],&quot;showOnDesktop&quot;:&quot;ON&quot;,&quot;showOnMobile&quot;:&quot;ON&quot;,&quot;time_symbols&quot;:&quot;h:m&quot;},&quot;styles&quot;:{&quot;title&quot;:&quot;Start Conversatie&quot;,&quot;responseText&quot;:&quot;Deobicei raspundem in cateva minute.&quot;,&quot;description&quot;:&quot;Salut! Fa click pe unul din membrii de mai jos pentru a vorbi pe &lt;strong&gt;WhatsApp&lt;\\\/strong&gt;&quot;,&quot;backgroundColor&quot;:&quot;#2db742&quot;,&quot;textColor&quot;:&quot;#fff&quot;,&quot;titleSize&quot;:&quot;18&quot;,&quot;accountNameSize&quot;:&quot;14&quot;,&quot;descriptionTextSize&quot;:&quot;12&quot;,&quot;regularTextSize&quot;:&quot;11&quot;,&quot;scrollHeight&quot;:&quot;500&quot;,&quot;isShowScroll&quot;:&quot;OFF&quot;,&quot;isShowResponseText&quot;:&quot;OFF&quot;,&quot;btnLabel&quot;:&quot;Ai nevoie de ajutor? &lt;strong&gt;Vorbeste cu noi&lt;\\\/strong&gt;&quot;,&quot;btnLabelWidth&quot;:&quot;156&quot;,&quot;btnPosition&quot;:&quot;right&quot;,&quot;btnLeftDistance&quot;:&quot;30&quot;,&quot;btnRightDistance&quot;:&quot;30&quot;,&quot;btnBottomDistance&quot;:&quot;30&quot;,&quot;isShowBtnLabel&quot;:&quot;ON&quot;,&quot;isShowGDPR&quot;:&quot;OFF&quot;,&quot;gdprContent&quot;:&quot;Please accept our &lt;a href=\\&quot;https:\\\/\\\/ninjateam.org\\\/privacy-policy\\\/\\&quot;&gt;privacy policy&lt;\\\/a&gt; first to start a conversation.&quot;},&quot;analytics&quot;:{&quot;enabledGoogle&quot;:&quot;OFF&quot;,&quot;enabledFacebook&quot;:&quot;OFF&quot;,&quot;enabledGoogleGA4&quot;:&quot;OFF&quot;}},&quot;gdprStatus&quot;:false,&quot;defaultAvatar&quot;:&quot;https:\\\/\\\/bugadent.md\\\/wp-content\\\/plugins\\\/wp-whatsapp\\\/assets\\\/img\\\/whatsapp_logo.svg&quot;}\"><\/div><\/div>\n\t\t\t\t\t\t<\/div>\n\t\t\t\t<div class=\"elementor-element elementor-element-435b72f cmsmasters-icon-arrangement-together cmsmasters-block-default cmsmasters-sticky-default elementor-widget elementor-widget-cmsmasters-button\" data-id=\"435b72f\" data-element_type=\"widget\" data-e-type=\"widget\" data-widget_type=\"cmsmasters-button.default\">\n\t\t\t\t\t<div class=\"elementor-widget-cmsmasters-button__button-container\"><div class=\"elementor-widget-cmsmasters-button__button-container-inner\"><a href=\"tel: 373 79 557 132\" class=\"cmsmasters-button-link elementor-widget-cmsmasters-button__button cmsmasters-icon-view-framed cmsmasters-icon-shape-circle cmsmasters-button-size-sm\" role=\"button\" tabindex=\"0\"><span class=\"elementor-widget-cmsmasters-button__content-wrapper cmsmasters-align-icon-left\"><span class=\"elementor-widget-cmsmasters-button__icon\"><i aria-hidden=\"true\" class=\"cmsdemo-icon- cms-demo-icon-phone\"><\/i><\/span><span class=\"elementor-widget-cmsmasters-button__text\">Call: +373 79 557 132<\/span><\/span><\/a><\/div><\/div>\t\t\t\t<\/div>\n\t\t\t\t\t<\/div>\n\t\t\t\t<\/div>\n\t\t\t\t<\/div>\n\t\t<div class=\"elementor-element elementor-element-3d9fce0 e-flex e-con-boxed cmsmasters-block-default e-con e-child\" data-id=\"3d9fce0\" data-element_type=\"container\" data-e-type=\"container\">\n\t\t\t\t\t<div class=\"e-con-inner\">\n\t\t\t\t\t<\/div>\n\t\t\t\t<\/div>\n\t\t\t\t\t<\/div>\n\t\t\t\t<\/div>\n\t\t<div class=\"elementor-element elementor-element-7c482df e-flex e-con-boxed cmsmasters-block-default e-con e-parent\" data-id=\"7c482df\" data-element_type=\"container\" data-e-type=\"container\">\n\t\t\t\t\t<div class=\"e-con-inner\">\n\t\t<div class=\"elementor-element elementor-element-e3ab44d e-con-full e-flex cmsmasters-block-default e-con e-child\" data-id=\"e3ab44d\" data-element_type=\"container\" data-e-type=\"container\">\n\t\t\t\t<div class=\"elementor-element elementor-element-ce6774a elementor-widget__width-initial cmsmasters-block-default cmsmasters-sticky-default elementor-widget elementor-widget-heading\" data-id=\"ce6774a\" data-element_type=\"widget\" data-e-type=\"widget\" data-widget_type=\"heading.default\">\n\t\t\t\t\t<h2 class=\"elementor-heading-title elementor-size-default\">Contact information\n<\/h2>\t\t\t\t<\/div>\n\t\t\t\t<div class=\"elementor-element elementor-element-7dbf9ca cmsmasters-block-default cmsmasters-sticky-default elementor-widget elementor-widget-heading\" data-id=\"7dbf9ca\" data-element_type=\"widget\" data-e-type=\"widget\" data-widget_type=\"heading.default\">\n\t\t\t\t\t<p class=\"elementor-heading-title elementor-size-default\">Don&#039;t put off your dental health! Contact us today for a consultation or for any questions about our services.<\/p>\t\t\t\t<\/div>\n\t\t<div class=\"elementor-element elementor-element-b838961 e-flex e-con-boxed cmsmasters-block-default e-con e-child\" data-id=\"b838961\" data-element_type=\"container\" data-e-type=\"container\">\n\t\t\t\t\t<div class=\"e-con-inner\">\n\t\t<div class=\"elementor-element elementor-element-282471d e-con-full e-flex cmsmasters-block-default e-con e-child\" data-id=\"282471d\" data-element_type=\"container\" data-e-type=\"container\">\n\t\t\t\t<div class=\"elementor-element elementor-element-41b5eda cmsmasters-block-default cmsmasters-sticky-default elementor-widget elementor-widget-heading\" data-id=\"41b5eda\" data-element_type=\"widget\" data-e-type=\"widget\" data-widget_type=\"heading.default\">\n\t\t\t\t\t<div class=\"elementor-heading-title elementor-size-default\">Address:<\/div>\t\t\t\t<\/div>\n\t\t\t\t<div class=\"elementor-element elementor-element-036966d cmsmasters-block-default cmsmasters-sticky-default elementor-widget elementor-widget-text-editor\" data-id=\"036966d\" data-element_type=\"widget\" data-e-type=\"widget\" data-widget_type=\"text-editor.default\">\n\t\t\t\t\t\t\t\t\t<p>67 August 27 Street, Truseni Commune, Chisinau Municipality, Republic of Moldova<\/p>\t\t\t\t\t\t\t\t<\/div>\n\t\t\t\t<\/div>\n\t\t<div class=\"elementor-element elementor-element-29770cd e-con-full e-flex cmsmasters-block-default e-con e-child\" data-id=\"29770cd\" data-element_type=\"container\" data-e-type=\"container\">\n\t\t\t\t<div class=\"elementor-element elementor-element-c108f7d cmsmasters-block-default cmsmasters-sticky-default elementor-widget elementor-widget-heading\" data-id=\"c108f7d\" data-element_type=\"widget\" data-e-type=\"widget\" data-widget_type=\"heading.default\">\n\t\t\t\t\t<div class=\"elementor-heading-title elementor-size-default\">Program:<\/div>\t\t\t\t<\/div>\n\t\t\t\t<div class=\"elementor-element elementor-element-c2d73c5 cmsmasters-block-default cmsmasters-sticky-default elementor-widget elementor-widget-text-editor\" data-id=\"c2d73c5\" data-element_type=\"widget\" data-e-type=\"widget\" data-widget_type=\"text-editor.default\">\n\t\t\t\t\t\t\t\t\t<p>Monday \u2013 Saturday\u00a0<br \/>09:00 \u2013 18:00<br \/>Phone: +373 79 557 132<\/p>\t\t\t\t\t\t\t\t<\/div>\n\t\t\t\t<\/div>\n\t\t\t\t\t<\/div>\n\t\t\t\t<\/div>\n\t\t\t\t<\/div>\n\t\t<div class=\"elementor-element elementor-element-a82dc15 e-con-full e-flex cmsmasters-block-default e-con e-child\" data-id=\"a82dc15\" data-element_type=\"container\" data-e-type=\"container\">\n\t\t\t\t<div class=\"elementor-element elementor-element-830c5d4 cmsmasters-block-default cmsmasters-sticky-default elementor-widget elementor-widget-google_maps\" data-id=\"830c5d4\" data-element_type=\"widget\" data-e-type=\"widget\" data-widget_type=\"google_maps.default\">\n\t\t\t\t\t\t\t<div class=\"elementor-custom-embed\">\n\t\t\t<iframe loading=\"lazy\"\n\t\t\t\t\tsrc=\"https:\/\/maps.google.com\/maps?q=Str.%2027%20August%2067%2C%20Comuna%20Truseni%2C%20mun.%20Chi%C8%99in%C4%83u&#038;t=m&#038;z=10&#038;output=embed&#038;iwloc=near\"\n\t\t\t\t\ttitle=\"67 August 27 Street, Truseni Commune, Chisinau Municipality\"\n\t\t\t\t\taria-label=\"67 August 27 Street, Truseni Commune, Chisinau Municipality\"\n\t\t\t><\/iframe>\n\t\t<\/div>\n\t\t\t\t\t\t<\/div>\n\t\t\t\t<\/div>\n\t\t\t\t\t<\/div>\n\t\t\t\t<\/div>\n\t\t\t\t<\/div>","protected":false},"excerpt":{"rendered":"<p>Contacte Programeaza-te la Clinica Bugadent &#8211; Truseni, Chisin\u0103u Call: +373 79 557 132 Informatii de contact Nu am\u00e2na s\u0103n\u0103tatea ta dentar\u0103! Contacteaz\u0103-ne ast\u0103zi pentru o consulta\u021bie sau pentru orice \u00eentrebare legat\u0103 deserviciile noastre. Adres\u0103: Str. 27 August 67, Comuna Truseni, mun. Chi\u0219in\u0103u, Rep. Moldova Program: Luni \u2013 S\u00e2mb\u0103t\u0103\u00a009:00 \u2013 18:00Tel: +373 79 557 132<\/p>","protected":false},"author":1,"featured_media":0,"parent":0,"menu_order":0,"comment_status":"closed","ping_status":"closed","template":"","meta":{"_acf_changed":false,"footnotes":""},"class_list":["post-36452","page","type-page","status-publish","hentry"],"acf":[],"yoast_head":"<!-- This site is optimized with the Yoast SEO plugin v27.2 - https:\/\/yoast.com\/product\/yoast-seo-wordpress\/ -->\n<title>Contacts - Bugadent<\/title>\n<meta name=\"description\" content=\"Nu am\u00e2na s\u0103n\u0103tatea ta dentar\u0103! \ud83d\udcdeTelefon \/ WhatsApp:+373 79 557 132 Contacteaz\u0103-ne ast\u0103zi pentru o consulta\u021bie sau pentru orice \u00eentrebare legat\u0103 deserviciile noastre. Adres\u0103:Str. 27 August 67, Comuna Truseni, mun. Chi\u0219in\u0103u\" \/>\n<meta name=\"robots\" content=\"index, follow, max-snippet:-1, max-image-preview:large, max-video-preview:-1\" \/>\n<link rel=\"canonical\" href=\"https:\/\/bugadent.md\/en\/contacts\/\" \/>\n<meta property=\"og:locale\" content=\"en_GB\" \/>\n<meta property=\"og:type\" content=\"article\" \/>\n<meta property=\"og:title\" content=\"Contacts - Bugadent\" \/>\n<meta property=\"og:description\" content=\"Nu am\u00e2na s\u0103n\u0103tatea ta dentar\u0103! \ud83d\udcdeTelefon \/ WhatsApp:+373 79 557 132 Contacteaz\u0103-ne ast\u0103zi pentru o consulta\u021bie sau pentru orice \u00eentrebare legat\u0103 deserviciile noastre. Adres\u0103:Str. 27 August 67, Comuna Truseni, mun. Chi\u0219in\u0103u\" \/>\n<meta property=\"og:url\" content=\"https:\/\/bugadent.md\/en\/contacts\/\" \/>\n<meta property=\"og:site_name\" content=\"Bugadent\" \/>\n<meta property=\"article:modified_time\" content=\"2026-03-24T09:39:54+00:00\" \/>\n<meta name=\"twitter:card\" content=\"summary_large_image\" \/>\n<meta name=\"twitter:label1\" content=\"Estimated reading time\" \/>\n\t<meta name=\"twitter:data1\" content=\"1 minute\" \/>\n<script type=\"application\/ld+json\" class=\"yoast-schema-graph\">{\"@context\":\"https:\/\/schema.org\",\"@graph\":[{\"@type\":\"WebPage\",\"@id\":\"https:\/\/bugadent.md\/contacts\/\",\"url\":\"https:\/\/bugadent.md\/contacts\/\",\"name\":\"Contacts - Bugadent\",\"isPartOf\":{\"@id\":\"https:\/\/bugadent.md\/#website\"},\"datePublished\":\"2024-05-16T09:01:45+00:00\",\"dateModified\":\"2026-03-24T09:39:54+00:00\",\"description\":\"Nu am\u00e2na s\u0103n\u0103tatea ta dentar\u0103! \ud83d\udcdeTelefon \/ WhatsApp:+373 79 557 132 Contacteaz\u0103-ne ast\u0103zi pentru o consulta\u021bie sau pentru orice \u00eentrebare legat\u0103 deserviciile noastre. Adres\u0103:Str. 27 August 67, Comuna Truseni, mun. Chi\u0219in\u0103u\",\"breadcrumb\":{\"@id\":\"https:\/\/bugadent.md\/contacts\/#breadcrumb\"},\"inLanguage\":\"en-GB\",\"potentialAction\":[{\"@type\":\"ReadAction\",\"target\":[\"https:\/\/bugadent.md\/contacts\/\"]}]},{\"@type\":\"BreadcrumbList\",\"@id\":\"https:\/\/bugadent.md\/contacts\/#breadcrumb\",\"itemListElement\":[{\"@type\":\"ListItem\",\"position\":1,\"name\":\"Prima pagin\u0103\",\"item\":\"https:\/\/bugadent.md\/\"},{\"@type\":\"ListItem\",\"position\":2,\"name\":\"Contacts\"}]},{\"@type\":\"WebSite\",\"@id\":\"https:\/\/bugadent.md\/#website\",\"url\":\"https:\/\/bugadent.md\/\",\"name\":\"Bugadent\",\"description\":\"Z\u00e2mbetul t\u0103u, grija noastr\u0103.\",\"publisher\":{\"@id\":\"https:\/\/bugadent.md\/#organization\"},\"potentialAction\":[{\"@type\":\"SearchAction\",\"target\":{\"@type\":\"EntryPoint\",\"urlTemplate\":\"https:\/\/bugadent.md\/?s={search_term_string}\"},\"query-input\":{\"@type\":\"PropertyValueSpecification\",\"valueRequired\":true,\"valueName\":\"search_term_string\"}}],\"inLanguage\":\"en-GB\"},{\"@type\":\"Organization\",\"@id\":\"https:\/\/bugadent.md\/#organization\",\"name\":\"Bugadent\",\"url\":\"https:\/\/bugadent.md\/\",\"logo\":{\"@type\":\"ImageObject\",\"inLanguage\":\"en-GB\",\"@id\":\"https:\/\/bugadent.md\/#\/schema\/logo\/image\/\",\"url\":\"https:\/\/bugadent.md\/wp-content\/uploads\/2026\/03\/logo.png\",\"contentUrl\":\"https:\/\/bugadent.md\/wp-content\/uploads\/2026\/03\/logo.png\",\"width\":1066,\"height\":973,\"caption\":\"Bugadent\"},\"image\":{\"@id\":\"https:\/\/bugadent.md\/#\/schema\/logo\/image\/\"}}]}<\/script>\n<!-- \/ Yoast SEO plugin. -->","yoast_head_json":{"title":"Contacts - Bugadent","description":"Nu am\u00e2na s\u0103n\u0103tatea ta dentar\u0103! \ud83d\udcdeTelefon \/ WhatsApp:+373 79 557 132 Contacteaz\u0103-ne ast\u0103zi pentru o consulta\u021bie sau pentru orice \u00eentrebare legat\u0103 deserviciile noastre. Adres\u0103:Str. 27 August 67, Comuna Truseni, mun. Chi\u0219in\u0103u","robots":{"index":"index","follow":"follow","max-snippet":"max-snippet:-1","max-image-preview":"max-image-preview:large","max-video-preview":"max-video-preview:-1"},"canonical":"https:\/\/bugadent.md\/en\/contacts\/","og_locale":"en_GB","og_type":"article","og_title":"Contacts - Bugadent","og_description":"Nu am\u00e2na s\u0103n\u0103tatea ta dentar\u0103! \ud83d\udcdeTelefon \/ WhatsApp:+373 79 557 132 Contacteaz\u0103-ne ast\u0103zi pentru o consulta\u021bie sau pentru orice \u00eentrebare legat\u0103 deserviciile noastre. Adres\u0103:Str. 27 August 67, Comuna Truseni, mun. Chi\u0219in\u0103u","og_url":"https:\/\/bugadent.md\/en\/contacts\/","og_site_name":"Bugadent","article_modified_time":"2026-03-24T09:39:54+00:00","twitter_card":"summary_large_image","twitter_misc":{"Estimated reading time":"1 minute"},"schema":{"@context":"https:\/\/schema.org","@graph":[{"@type":"WebPage","@id":"https:\/\/bugadent.md\/contacts\/","url":"https:\/\/bugadent.md\/contacts\/","name":"Contacts - Bugadent","isPartOf":{"@id":"https:\/\/bugadent.md\/#website"},"datePublished":"2024-05-16T09:01:45+00:00","dateModified":"2026-03-24T09:39:54+00:00","description":"Nu am\u00e2na s\u0103n\u0103tatea ta dentar\u0103! \ud83d\udcdeTelefon \/ WhatsApp:+373 79 557 132 Contacteaz\u0103-ne ast\u0103zi pentru o consulta\u021bie sau pentru orice \u00eentrebare legat\u0103 deserviciile noastre. Adres\u0103:Str. 27 August 67, Comuna Truseni, mun. Chi\u0219in\u0103u","breadcrumb":{"@id":"https:\/\/bugadent.md\/contacts\/#breadcrumb"},"inLanguage":"en-GB","potentialAction":[{"@type":"ReadAction","target":["https:\/\/bugadent.md\/contacts\/"]}]},{"@type":"BreadcrumbList","@id":"https:\/\/bugadent.md\/contacts\/#breadcrumb","itemListElement":[{"@type":"ListItem","position":1,"name":"Prima pagin\u0103","item":"https:\/\/bugadent.md\/"},{"@type":"ListItem","position":2,"name":"Contacts"}]},{"@type":"WebSite","@id":"https:\/\/bugadent.md\/#website","url":"https:\/\/bugadent.md\/","name":"Bugadent","description":"Z\u00e2mbetul t\u0103u, grija noastr\u0103.","publisher":{"@id":"https:\/\/bugadent.md\/#organization"},"potentialAction":[{"@type":"SearchAction","target":{"@type":"EntryPoint","urlTemplate":"https:\/\/bugadent.md\/?s={search_term_string}"},"query-input":{"@type":"PropertyValueSpecification","valueRequired":true,"valueName":"search_term_string"}}],"inLanguage":"en-GB"},{"@type":"Organization","@id":"https:\/\/bugadent.md\/#organization","name":"Bugadent","url":"https:\/\/bugadent.md\/","logo":{"@type":"ImageObject","inLanguage":"en-GB","@id":"https:\/\/bugadent.md\/#\/schema\/logo\/image\/","url":"https:\/\/bugadent.md\/wp-content\/uploads\/2026\/03\/logo.png","contentUrl":"https:\/\/bugadent.md\/wp-content\/uploads\/2026\/03\/logo.png","width":1066,"height":973,"caption":"Bugadent"},"image":{"@id":"https:\/\/bugadent.md\/#\/schema\/logo\/image\/"}}]}},"_links":{"self":[{"href":"https:\/\/bugadent.md\/en\/wp-json\/wp\/v2\/pages\/36452","targetHints":{"allow":["GET"]}}],"collection":[{"href":"https:\/\/bugadent.md\/en\/wp-json\/wp\/v2\/pages"}],"about":[{"href":"https:\/\/bugadent.md\/en\/wp-json\/wp\/v2\/types\/page"}],"author":[{"embeddable":true,"href":"https:\/\/bugadent.md\/en\/wp-json\/wp\/v2\/users\/1"}],"replies":[{"embeddable":true,"href":"https:\/\/bugadent.md\/en\/wp-json\/wp\/v2\/comments?post=36452"}],"version-history":[{"count":28,"href":"https:\/\/bugadent.md\/en\/wp-json\/wp\/v2\/pages\/36452\/revisions"}],"predecessor-version":[{"id":36778,"href":"https:\/\/bugadent.md\/en\/wp-json\/wp\/v2\/pages\/36452\/revisions\/36778"}],"wp:attachment":[{"href":"https:\/\/bugadent.md\/en\/wp-json\/wp\/v2\/media?parent=36452"}],"curies":[{"name":"wp","href":"https:\/\/api.w.org\/{rel}","templated":true}]}}